{"id":589,"date":"2021-10-25T22:48:21","date_gmt":"2021-10-25T22:48:21","guid":{"rendered":"https:\/\/copandaro.gob.mx\/?page_id=589"},"modified":"2025-09-10T17:52:29","modified_gmt":"2025-09-10T17:52:29","slug":"reglamentos","status":"publish","type":"page","link":"https:\/\/copandaro.gob.mx\/index.php\/reglamentos\/","title":{"rendered":"Reglamentos"},"content":{"rendered":"<div class=\"fusion-fullwidth fullwidth-box fusion-builder-row-1 fusion-flex-container nonhundred-percent-fullwidth non-hundred-percent-height-scrolling\" style=\"--awb-border-radius-top-left:0px;--awb-border-radius-top-right:0px;--awb-border-radius-bottom-right:0px;--awb-border-radius-bottom-left:0px;--awb-flex-wrap:wrap;\" ><div class=\"fusion-builder-row fusion-row fusion-flex-align-items-flex-start fusion-flex-content-wrap\" style=\"max-width:104%;margin-left: calc(-4% \/ 2 );margin-right: calc(-4% \/ 2 );\"><div class=\"fusion-layout-column fusion_builder_column fusion-builder-column-0 fusion_builder_column_1_2 1_2 fusion-flex-column\" style=\"--awb-bg-size:cover;--awb-width-large:50%;--awb-margin-top-large:0px;--awb-spacing-right-large:3.84%;--awb-margin-bottom-large:20px;--awb-spacing-left-large:3.84%;--awb-width-medium:100%;--awb-order-medium:0;--awb-spacing-right-medium:1.92%;--awb-spacing-left-medium:1.92%;--awb-width-small:100%;--awb-order-small:0;--awb-spacing-right-small:1.92%;--awb-spacing-left-small:1.92%;\"><div class=\"fusion-column-wrapper fusion-column-has-shadow fusion-flex-justify-content-flex-start fusion-content-layout-column\"><div class=\"fusion-title title fusion-title-1 fusion-title-center fusion-title-text fusion-title-size-one\" style=\"--awb-margin-top-small:0px;--awb-margin-right-small:0px;--awb-margin-bottom-small:20px;--awb-margin-left-small:0px;\"><div class=\"title-sep-container title-sep-container-left\"><div class=\"title-sep sep- sep-solid\" style=\"border-color:#e0dede;\"><\/div><\/div><span class=\"awb-title-spacer\"><\/span><h1 class=\"fusion-title-heading title-heading-center fusion-responsive-typography-calculated\" style=\"margin:0;--fontSize:72;line-height:1.28;\">Reglamentos<\/h1><span class=\"awb-title-spacer\"><\/span><div class=\"title-sep-container title-sep-container-right\"><div class=\"title-sep sep- sep-solid\" style=\"border-color:#e0dede;\"><\/div><\/div><\/div><div class=\"fusion-separator fusion-full-width-sep\" style=\"align-self: center;margin-left: auto;margin-right: auto;margin-top:1%;width:100%;\"><div class=\"fusion-separator-border sep-double\" style=\"--awb-height:20px;--awb-amount:20px;border-color:#f4ad24;border-top-width:1px;border-bottom-width:1px;\"><\/div><\/div><iframe referrerpolicy=\"no-referrer-when-downgrade\" height=\"2600px\" width=\"100%\" style=\"border:none;\" src=\"https:\/\/script.google.com\/a\/macros\/sisge.com.mx\/s\/AKfycbwEhqu6JRBKTZKTWbownNmRKdlBsw2W6ajhj1UWC47aDOMKE8kQ_qPSjb4FSGfwtXSJ6A\/exec\"><\/iframe><\/div><\/div><div class=\"fusion-layout-column fusion_builder_column fusion-builder-column-1 fusion_builder_column_1_2 1_2 fusion-flex-column\" style=\"--awb-bg-size:cover;--awb-width-large:50%;--awb-margin-top-large:0px;--awb-spacing-right-large:3.84%;--awb-margin-bottom-large:20px;--awb-spacing-left-large:3.84%;--awb-width-medium:100%;--awb-order-medium:0;--awb-spacing-right-medium:1.92%;--awb-spacing-left-medium:1.92%;--awb-width-small:100%;--awb-order-small:0;--awb-spacing-right-small:1.92%;--awb-spacing-left-small:1.92%;\"><div class=\"fusion-column-wrapper lazyload fusion-column-has-shadow fusion-flex-justify-content-flex-start fusion-content-layout-column fusion-empty-column-bg-image fusion-column-has-bg-image\" data-bg-url=\"https:\/\/copandaro.gob.mx\/wp-content\/uploads\/2021\/10\/52-1.jpg\" data-bg=\"https:\/\/copandaro.gob.mx\/wp-content\/uploads\/2021\/10\/52-1.jpg\"><img decoding=\"async\" class=\"fusion-empty-dims-img-placeholder\" alt=\"Copandaro\" aria-label=\"52\" src=\"data:image\/svg+xml,%3Csvg%20xmlns%3D%27http%3A%2F%2Fwww.w3.org%2F2000%2Fsvg%27%20width%3D%27720%27%20height%3D%271280%27%20viewBox%3D%270%200%20720%201280%27%3E%3Crect%20width%3D%27720%27%20height%3D%271280%27%20fill-opacity%3D%220%22%2F%3E%3C%2Fsvg%3E\"><\/div><\/div><\/div><\/div>\n","protected":false},"excerpt":{"rendered":"","protected":false},"author":1,"featured_media":0,"parent":0,"menu_order":0,"comment_status":"closed","ping_status":"closed","template":"","meta":{"footnotes":""},"class_list":["post-589","page","type-page","status-publish","hentry"],"yoast_head":"<!-- This site is optimized with the Yoast SEO plugin v27.3 - https:\/\/yoast.com\/product\/yoast-seo-wordpress\/ -->\n<title>Reglamentos - Cop\u00e1ndaro Michoac\u00e1n<\/title>\n<meta name=\"robots\" content=\"index, follow, max-snippet:-1, max-image-preview:large, max-video-preview:-1\" \/>\n<link rel=\"canonical\" href=\"https:\/\/copandaro.gob.mx\/index.php\/reglamentos\/\" \/>\n<meta property=\"og:locale\" content=\"es_MX\" \/>\n<meta property=\"og:type\" content=\"article\" \/>\n<meta property=\"og:title\" content=\"Reglamentos - Cop\u00e1ndaro Michoac\u00e1n\" \/>\n<meta property=\"og:url\" content=\"https:\/\/copandaro.gob.mx\/index.php\/reglamentos\/\" \/>\n<meta property=\"og:site_name\" content=\"Cop\u00e1ndaro Michoac\u00e1n\" \/>\n<meta property=\"article:modified_time\" content=\"2025-09-10T17:52:29+00:00\" \/>\n<meta name=\"twitter:card\" content=\"summary_large_image\" \/>\n<meta name=\"twitter:label1\" content=\"Tiempo de lectura\" \/>\n\t<meta name=\"twitter:data1\" content=\"2 minutos\" \/>\n<script type=\"application\/ld+json\" class=\"yoast-schema-graph\">{\"@context\":\"https:\\\/\\\/schema.org\",\"@graph\":[{\"@type\":\"WebPage\",\"@id\":\"https:\\\/\\\/copandaro.gob.mx\\\/index.php\\\/reglamentos\\\/\",\"url\":\"https:\\\/\\\/copandaro.gob.mx\\\/index.php\\\/reglamentos\\\/\",\"name\":\"Reglamentos - Cop\u00e1ndaro Michoac\u00e1n\",\"isPartOf\":{\"@id\":\"https:\\\/\\\/copandaro.gob.mx\\\/#website\"},\"datePublished\":\"2021-10-25T22:48:21+00:00\",\"dateModified\":\"2025-09-10T17:52:29+00:00\",\"breadcrumb\":{\"@id\":\"https:\\\/\\\/copandaro.gob.mx\\\/index.php\\\/reglamentos\\\/#breadcrumb\"},\"inLanguage\":\"es\",\"potentialAction\":[{\"@type\":\"ReadAction\",\"target\":[\"https:\\\/\\\/copandaro.gob.mx\\\/index.php\\\/reglamentos\\\/\"]}]},{\"@type\":\"BreadcrumbList\",\"@id\":\"https:\\\/\\\/copandaro.gob.mx\\\/index.php\\\/reglamentos\\\/#breadcrumb\",\"itemListElement\":[{\"@type\":\"ListItem\",\"position\":1,\"name\":\"Inicio\",\"item\":\"https:\\\/\\\/copandaro.gob.mx\\\/\"},{\"@type\":\"ListItem\",\"position\":2,\"name\":\"Reglamentos\"}]},{\"@type\":\"WebSite\",\"@id\":\"https:\\\/\\\/copandaro.gob.mx\\\/#website\",\"url\":\"https:\\\/\\\/copandaro.gob.mx\\\/\",\"name\":\"Cop\u00e1ndaro Michoac\u00e1n\",\"description\":\"Cop\u00e1ndaro Michoac\u00e1n\",\"potentialAction\":[{\"@type\":\"SearchAction\",\"target\":{\"@type\":\"EntryPoint\",\"urlTemplate\":\"https:\\\/\\\/copandaro.gob.mx\\\/?s={search_term_string}\"},\"query-input\":{\"@type\":\"PropertyValueSpecification\",\"valueRequired\":true,\"valueName\":\"search_term_string\"}}],\"inLanguage\":\"es\"}]}<\/script>\n<!-- \/ Yoast SEO plugin. -->","yoast_head_json":{"title":"Reglamentos - Cop\u00e1ndaro Michoac\u00e1n","robots":{"index":"index","follow":"follow","max-snippet":"max-snippet:-1","max-image-preview":"max-image-preview:large","max-video-preview":"max-video-preview:-1"},"canonical":"https:\/\/copandaro.gob.mx\/index.php\/reglamentos\/","og_locale":"es_MX","og_type":"article","og_title":"Reglamentos - Cop\u00e1ndaro Michoac\u00e1n","og_url":"https:\/\/copandaro.gob.mx\/index.php\/reglamentos\/","og_site_name":"Cop\u00e1ndaro Michoac\u00e1n","article_modified_time":"2025-09-10T17:52:29+00:00","twitter_card":"summary_large_image","twitter_misc":{"Tiempo de lectura":"2 minutos"},"schema":{"@context":"https:\/\/schema.org","@graph":[{"@type":"WebPage","@id":"https:\/\/copandaro.gob.mx\/index.php\/reglamentos\/","url":"https:\/\/copandaro.gob.mx\/index.php\/reglamentos\/","name":"Reglamentos - Cop\u00e1ndaro Michoac\u00e1n","isPartOf":{"@id":"https:\/\/copandaro.gob.mx\/#website"},"datePublished":"2021-10-25T22:48:21+00:00","dateModified":"2025-09-10T17:52:29+00:00","breadcrumb":{"@id":"https:\/\/copandaro.gob.mx\/index.php\/reglamentos\/#breadcrumb"},"inLanguage":"es","potentialAction":[{"@type":"ReadAction","target":["https:\/\/copandaro.gob.mx\/index.php\/reglamentos\/"]}]},{"@type":"BreadcrumbList","@id":"https:\/\/copandaro.gob.mx\/index.php\/reglamentos\/#breadcrumb","itemListElement":[{"@type":"ListItem","position":1,"name":"Inicio","item":"https:\/\/copandaro.gob.mx\/"},{"@type":"ListItem","position":2,"name":"Reglamentos"}]},{"@type":"WebSite","@id":"https:\/\/copandaro.gob.mx\/#website","url":"https:\/\/copandaro.gob.mx\/","name":"Cop\u00e1ndaro Michoac\u00e1n","description":"Cop\u00e1ndaro Michoac\u00e1n","potentialAction":[{"@type":"SearchAction","target":{"@type":"EntryPoint","urlTemplate":"https:\/\/copandaro.gob.mx\/?s={search_term_string}"},"query-input":{"@type":"PropertyValueSpecification","valueRequired":true,"valueName":"search_term_string"}}],"inLanguage":"es"}]}},"_links":{"self":[{"href":"https:\/\/copandaro.gob.mx\/index.php\/wp-json\/wp\/v2\/pages\/589","targetHints":{"allow":["GET"]}}],"collection":[{"href":"https:\/\/copandaro.gob.mx\/index.php\/wp-json\/wp\/v2\/pages"}],"about":[{"href":"https:\/\/copandaro.gob.mx\/index.php\/wp-json\/wp\/v2\/types\/page"}],"author":[{"embeddable":true,"href":"https:\/\/copandaro.gob.mx\/index.php\/wp-json\/wp\/v2\/users\/1"}],"replies":[{"embeddable":true,"href":"https:\/\/copandaro.gob.mx\/index.php\/wp-json\/wp\/v2\/comments?post=589"}],"version-history":[{"count":9,"href":"https:\/\/copandaro.gob.mx\/index.php\/wp-json\/wp\/v2\/pages\/589\/revisions"}],"predecessor-version":[{"id":982,"href":"https:\/\/copandaro.gob.mx\/index.php\/wp-json\/wp\/v2\/pages\/589\/revisions\/982"}],"wp:attachment":[{"href":"https:\/\/copandaro.gob.mx\/index.php\/wp-json\/wp\/v2\/media?parent=589"}],"curies":[{"name":"wp","href":"https:\/\/api.w.org\/{rel}","templated":true}]}}