{"id":656,"date":"2022-07-11T15:54:30","date_gmt":"2022-07-11T15:54:30","guid":{"rendered":"https:\/\/copandaro.gob.mx\/?page_id=656"},"modified":"2022-07-11T16:00:48","modified_gmt":"2022-07-11T16:00:48","slug":"buzon-de-quejas-y-sugerencias","status":"publish","type":"page","link":"https:\/\/copandaro.gob.mx\/index.php\/buzon-de-quejas-y-sugerencias\/","title":{"rendered":"Buz\u00f2n de quejas y Sugerencias"},"content":{"rendered":"<div class=\"fusion-fullwidth fullwidth-box fusion-builder-row-1 fusion-flex-container nonhundred-percent-fullwidth non-hundred-percent-height-scrolling\" style=\"--awb-border-radius-top-left:0px;--awb-border-radius-top-right:0px;--awb-border-radius-bottom-right:0px;--awb-border-radius-bottom-left:0px;--awb-flex-wrap:wrap;\" ><div class=\"fusion-builder-row fusion-row fusion-flex-align-items-flex-start fusion-flex-content-wrap\" style=\"max-width:104%;margin-left: calc(-4% \/ 2 );margin-right: calc(-4% \/ 2 );\"><div class=\"fusion-layout-column fusion_builder_column fusion-builder-column-0 fusion_builder_column_1_1 1_1 fusion-flex-column\" style=\"--awb-bg-size:cover;--awb-width-large:100%;--awb-margin-top-large:0px;--awb-spacing-right-large:1.92%;--awb-margin-bottom-large:20px;--awb-spacing-left-large:1.92%;--awb-width-medium:100%;--awb-order-medium:0;--awb-spacing-right-medium:1.92%;--awb-spacing-left-medium:1.92%;--awb-width-small:100%;--awb-order-small:0;--awb-spacing-right-small:1.92%;--awb-spacing-left-small:1.92%;\"><div class=\"fusion-column-wrapper fusion-column-has-shadow fusion-flex-justify-content-flex-start fusion-content-layout-column\"><div class=\"fusion-title title fusion-title-1 fusion-title-text fusion-title-size-one\" style=\"--awb-margin-top-small:0px;--awb-margin-right-small:0px;--awb-margin-bottom-small:20px;--awb-margin-left-small:0px;\"><div class=\"title-sep-container title-sep-container-left fusion-no-large-visibility fusion-no-medium-visibility fusion-no-small-visibility\"><div class=\"title-sep sep- sep-solid\" style=\"border-color:#e0dede;\"><\/div><\/div><span class=\"awb-title-spacer fusion-no-large-visibility fusion-no-medium-visibility fusion-no-small-visibility\"><\/span><h1 class=\"fusion-title-heading title-heading-left fusion-responsive-typography-calculated\" style=\"margin:0;--fontSize:72;line-height:1.28;\"><p style=\"text-align: center;\">Buz\u00f2n de Quejas y Sugerencias<\/p><\/h1><span class=\"awb-title-spacer\"><\/span><div class=\"title-sep-container title-sep-container-right\"><div class=\"title-sep sep- sep-solid\" style=\"border-color:#e0dede;\"><\/div><\/div><\/div><div class=\"fusion-text fusion-text-1\"><pre style=\"text-align: center;\">Dejanos tu queja o surencia atraves del siguente Buz\u00f2n, a la brevedad nos pondremos en contacto.\r\n\r\no ponte en contacto al siguiente numero.<\/pre>\n<div>\n<div class=\"rllt__details\">\n<pre style=\"text-align: center;\">454 366 9023<\/pre>\n<\/div>\n<\/div>\n<\/div><center><iframe src=\"https:\/\/docs.google.com\/forms\/d\/e\/1FAIpQLScE8yv3gfLks0Zgftnozyd6uc6Uy7i-A1NvA5S_gH1Rxmw1gQ\/viewform?embedded=true\" width=\"640\" height=\"1300\" frameborder=\"0\" marginheight=\"0\" marginwidth=\"0\">Cargando\u2026<\/iframe><center><\/div><\/div><\/div><\/div>\n","protected":false},"excerpt":{"rendered":"","protected":false},"author":1,"featured_media":0,"parent":0,"menu_order":0,"comment_status":"closed","ping_status":"closed","template":"","meta":{"footnotes":""},"class_list":["post-656","page","type-page","status-publish","hentry"],"yoast_head":"<!-- This site is optimized with the Yoast SEO plugin v27.3 - https:\/\/yoast.com\/product\/yoast-seo-wordpress\/ -->\n<title>Buz\u00f2n de quejas y Sugerencias - Cop\u00e1ndaro Michoac\u00e1n<\/title>\n<meta name=\"robots\" content=\"index, follow, max-snippet:-1, max-image-preview:large, max-video-preview:-1\" \/>\n<link rel=\"canonical\" href=\"https:\/\/copandaro.gob.mx\/index.php\/buzon-de-quejas-y-sugerencias\/\" \/>\n<meta property=\"og:locale\" content=\"es_MX\" \/>\n<meta property=\"og:type\" content=\"article\" \/>\n<meta property=\"og:title\" content=\"Buz\u00f2n de quejas y Sugerencias - Cop\u00e1ndaro Michoac\u00e1n\" \/>\n<meta property=\"og:url\" content=\"https:\/\/copandaro.gob.mx\/index.php\/buzon-de-quejas-y-sugerencias\/\" \/>\n<meta property=\"og:site_name\" content=\"Cop\u00e1ndaro Michoac\u00e1n\" \/>\n<meta property=\"article:modified_time\" content=\"2022-07-11T16:00:48+00:00\" \/>\n<meta name=\"twitter:card\" content=\"summary_large_image\" \/>\n<meta name=\"twitter:label1\" content=\"Tiempo de lectura\" \/>\n\t<meta name=\"twitter:data1\" content=\"2 minutos\" \/>\n<script type=\"application\/ld+json\" class=\"yoast-schema-graph\">{\"@context\":\"https:\\\/\\\/schema.org\",\"@graph\":[{\"@type\":\"WebPage\",\"@id\":\"https:\\\/\\\/copandaro.gob.mx\\\/index.php\\\/buzon-de-quejas-y-sugerencias\\\/\",\"url\":\"https:\\\/\\\/copandaro.gob.mx\\\/index.php\\\/buzon-de-quejas-y-sugerencias\\\/\",\"name\":\"Buz\u00f2n de quejas y Sugerencias - Cop\u00e1ndaro Michoac\u00e1n\",\"isPartOf\":{\"@id\":\"https:\\\/\\\/copandaro.gob.mx\\\/#website\"},\"datePublished\":\"2022-07-11T15:54:30+00:00\",\"dateModified\":\"2022-07-11T16:00:48+00:00\",\"breadcrumb\":{\"@id\":\"https:\\\/\\\/copandaro.gob.mx\\\/index.php\\\/buzon-de-quejas-y-sugerencias\\\/#breadcrumb\"},\"inLanguage\":\"es\",\"potentialAction\":[{\"@type\":\"ReadAction\",\"target\":[\"https:\\\/\\\/copandaro.gob.mx\\\/index.php\\\/buzon-de-quejas-y-sugerencias\\\/\"]}]},{\"@type\":\"BreadcrumbList\",\"@id\":\"https:\\\/\\\/copandaro.gob.mx\\\/index.php\\\/buzon-de-quejas-y-sugerencias\\\/#breadcrumb\",\"itemListElement\":[{\"@type\":\"ListItem\",\"position\":1,\"name\":\"Inicio\",\"item\":\"https:\\\/\\\/copandaro.gob.mx\\\/\"},{\"@type\":\"ListItem\",\"position\":2,\"name\":\"Buz\u00f2n de quejas y Sugerencias\"}]},{\"@type\":\"WebSite\",\"@id\":\"https:\\\/\\\/copandaro.gob.mx\\\/#website\",\"url\":\"https:\\\/\\\/copandaro.gob.mx\\\/\",\"name\":\"Cop\u00e1ndaro Michoac\u00e1n\",\"description\":\"Cop\u00e1ndaro Michoac\u00e1n\",\"potentialAction\":[{\"@type\":\"SearchAction\",\"target\":{\"@type\":\"EntryPoint\",\"urlTemplate\":\"https:\\\/\\\/copandaro.gob.mx\\\/?s={search_term_string}\"},\"query-input\":{\"@type\":\"PropertyValueSpecification\",\"valueRequired\":true,\"valueName\":\"search_term_string\"}}],\"inLanguage\":\"es\"}]}<\/script>\n<!-- \/ Yoast SEO plugin. -->","yoast_head_json":{"title":"Buz\u00f2n de quejas y Sugerencias - Cop\u00e1ndaro Michoac\u00e1n","robots":{"index":"index","follow":"follow","max-snippet":"max-snippet:-1","max-image-preview":"max-image-preview:large","max-video-preview":"max-video-preview:-1"},"canonical":"https:\/\/copandaro.gob.mx\/index.php\/buzon-de-quejas-y-sugerencias\/","og_locale":"es_MX","og_type":"article","og_title":"Buz\u00f2n de quejas y Sugerencias - Cop\u00e1ndaro Michoac\u00e1n","og_url":"https:\/\/copandaro.gob.mx\/index.php\/buzon-de-quejas-y-sugerencias\/","og_site_name":"Cop\u00e1ndaro Michoac\u00e1n","article_modified_time":"2022-07-11T16:00:48+00:00","twitter_card":"summary_large_image","twitter_misc":{"Tiempo de lectura":"2 minutos"},"schema":{"@context":"https:\/\/schema.org","@graph":[{"@type":"WebPage","@id":"https:\/\/copandaro.gob.mx\/index.php\/buzon-de-quejas-y-sugerencias\/","url":"https:\/\/copandaro.gob.mx\/index.php\/buzon-de-quejas-y-sugerencias\/","name":"Buz\u00f2n de quejas y Sugerencias - Cop\u00e1ndaro Michoac\u00e1n","isPartOf":{"@id":"https:\/\/copandaro.gob.mx\/#website"},"datePublished":"2022-07-11T15:54:30+00:00","dateModified":"2022-07-11T16:00:48+00:00","breadcrumb":{"@id":"https:\/\/copandaro.gob.mx\/index.php\/buzon-de-quejas-y-sugerencias\/#breadcrumb"},"inLanguage":"es","potentialAction":[{"@type":"ReadAction","target":["https:\/\/copandaro.gob.mx\/index.php\/buzon-de-quejas-y-sugerencias\/"]}]},{"@type":"BreadcrumbList","@id":"https:\/\/copandaro.gob.mx\/index.php\/buzon-de-quejas-y-sugerencias\/#breadcrumb","itemListElement":[{"@type":"ListItem","position":1,"name":"Inicio","item":"https:\/\/copandaro.gob.mx\/"},{"@type":"ListItem","position":2,"name":"Buz\u00f2n de quejas y Sugerencias"}]},{"@type":"WebSite","@id":"https:\/\/copandaro.gob.mx\/#website","url":"https:\/\/copandaro.gob.mx\/","name":"Cop\u00e1ndaro Michoac\u00e1n","description":"Cop\u00e1ndaro Michoac\u00e1n","potentialAction":[{"@type":"SearchAction","target":{"@type":"EntryPoint","urlTemplate":"https:\/\/copandaro.gob.mx\/?s={search_term_string}"},"query-input":{"@type":"PropertyValueSpecification","valueRequired":true,"valueName":"search_term_string"}}],"inLanguage":"es"}]}},"_links":{"self":[{"href":"https:\/\/copandaro.gob.mx\/index.php\/wp-json\/wp\/v2\/pages\/656","targetHints":{"allow":["GET"]}}],"collection":[{"href":"https:\/\/copandaro.gob.mx\/index.php\/wp-json\/wp\/v2\/pages"}],"about":[{"href":"https:\/\/copandaro.gob.mx\/index.php\/wp-json\/wp\/v2\/types\/page"}],"author":[{"embeddable":true,"href":"https:\/\/copandaro.gob.mx\/index.php\/wp-json\/wp\/v2\/users\/1"}],"replies":[{"embeddable":true,"href":"https:\/\/copandaro.gob.mx\/index.php\/wp-json\/wp\/v2\/comments?post=656"}],"version-history":[{"count":6,"href":"https:\/\/copandaro.gob.mx\/index.php\/wp-json\/wp\/v2\/pages\/656\/revisions"}],"predecessor-version":[{"id":663,"href":"https:\/\/copandaro.gob.mx\/index.php\/wp-json\/wp\/v2\/pages\/656\/revisions\/663"}],"wp:attachment":[{"href":"https:\/\/copandaro.gob.mx\/index.php\/wp-json\/wp\/v2\/media?parent=656"}],"curies":[{"name":"wp","href":"https:\/\/api.w.org\/{rel}","templated":true}]}}