{"id":765,"date":"2023-02-27T15:58:22","date_gmt":"2023-02-27T15:58:22","guid":{"rendered":"https:\/\/copandaro.gob.mx\/?page_id=765"},"modified":"2023-02-27T15:58:22","modified_gmt":"2023-02-27T15:58:22","slug":"informacion-de-oficio-sisofi","status":"publish","type":"page","link":"https:\/\/copandaro.gob.mx\/index.php\/informacion-de-oficio-sisofi\/","title":{"rendered":"Informacion de Oficio-SISOFI"},"content":{"rendered":"<div class=\"fusion-fullwidth fullwidth-box fusion-builder-row-1 fusion-flex-container has-pattern-background has-mask-background nonhundred-percent-fullwidth non-hundred-percent-height-scrolling\" style=\"--awb-border-radius-top-left:0px;--awb-border-radius-top-right:0px;--awb-border-radius-bottom-right:0px;--awb-border-radius-bottom-left:0px;--awb-flex-wrap:wrap;\" ><div class=\"fusion-builder-row fusion-row fusion-flex-align-items-flex-start fusion-flex-content-wrap\" style=\"max-width:104%;margin-left: calc(-4% \/ 2 );margin-right: calc(-4% \/ 2 );\"><div class=\"fusion-layout-column fusion_builder_column fusion-builder-column-0 fusion_builder_column_1_1 1_1 fusion-flex-column\" style=\"--awb-bg-size:cover;--awb-width-large:100%;--awb-margin-top-large:0px;--awb-spacing-right-large:1.92%;--awb-margin-bottom-large:20px;--awb-spacing-left-large:1.92%;--awb-width-medium:100%;--awb-order-medium:0;--awb-spacing-right-medium:1.92%;--awb-spacing-left-medium:1.92%;--awb-width-small:100%;--awb-order-small:0;--awb-spacing-right-small:1.92%;--awb-spacing-left-small:1.92%;\"><div class=\"fusion-column-wrapper fusion-column-has-shadow fusion-flex-justify-content-flex-start fusion-content-layout-column\"><div class=\"fusion-title title fusion-title-1 fusion-title-text fusion-title-size-one\" style=\"--awb-margin-top-small:0px;--awb-margin-right-small:0px;--awb-margin-bottom-small:20px;--awb-margin-left-small:0px;\"><div class=\"title-sep-container title-sep-container-left fusion-no-large-visibility fusion-no-medium-visibility fusion-no-small-visibility\"><div class=\"title-sep sep- sep-solid\" style=\"border-color:#e0dede;\"><\/div><\/div><span class=\"awb-title-spacer fusion-no-large-visibility fusion-no-medium-visibility fusion-no-small-visibility\"><\/span><h1 class=\"fusion-title-heading title-heading-left fusion-responsive-typography-calculated\" style=\"margin:0;--fontSize:72;line-height:1.28;\">Informaci\u00f3n de Oficio-SISOFI<\/h1><span class=\"awb-title-spacer\"><\/span><div class=\"title-sep-container title-sep-container-right\"><div class=\"title-sep sep- sep-solid\" style=\"border-color:#e0dede;\"><\/div><\/div><\/div><iframe referrerpolicy=\"no-referrer-when-downgrade\" height=\"600px\" width=\"100%\" style=\"border:none;\" src=\"https:\/\/sisofi.copandaro.gob.mx\/\"><\/iframe><\/div><\/div><\/div><\/div>\n","protected":false},"excerpt":{"rendered":"","protected":false},"author":1,"featured_media":0,"parent":0,"menu_order":0,"comment_status":"closed","ping_status":"closed","template":"","meta":{"footnotes":""},"class_list":["post-765","page","type-page","status-publish","hentry"],"yoast_head":"<!-- This site is optimized with the Yoast SEO plugin v27.3 - https:\/\/yoast.com\/product\/yoast-seo-wordpress\/ -->\n<title>Informacion de Oficio-SISOFI - Cop\u00e1ndaro Michoac\u00e1n<\/title>\n<meta name=\"robots\" content=\"index, follow, max-snippet:-1, max-image-preview:large, max-video-preview:-1\" \/>\n<link rel=\"canonical\" href=\"https:\/\/copandaro.gob.mx\/index.php\/informacion-de-oficio-sisofi\/\" \/>\n<meta property=\"og:locale\" content=\"es_MX\" \/>\n<meta property=\"og:type\" content=\"article\" \/>\n<meta property=\"og:title\" content=\"Informacion de Oficio-SISOFI - Cop\u00e1ndaro Michoac\u00e1n\" \/>\n<meta property=\"og:url\" content=\"https:\/\/copandaro.gob.mx\/index.php\/informacion-de-oficio-sisofi\/\" \/>\n<meta property=\"og:site_name\" content=\"Cop\u00e1ndaro Michoac\u00e1n\" \/>\n<meta name=\"twitter:card\" content=\"summary_large_image\" \/>\n<meta name=\"twitter:label1\" content=\"Tiempo de lectura\" \/>\n\t<meta name=\"twitter:data1\" content=\"5 minutos\" \/>\n<script type=\"application\/ld+json\" class=\"yoast-schema-graph\">{\"@context\":\"https:\\\/\\\/schema.org\",\"@graph\":[{\"@type\":\"WebPage\",\"@id\":\"https:\\\/\\\/copandaro.gob.mx\\\/index.php\\\/informacion-de-oficio-sisofi\\\/\",\"url\":\"https:\\\/\\\/copandaro.gob.mx\\\/index.php\\\/informacion-de-oficio-sisofi\\\/\",\"name\":\"Informacion de Oficio-SISOFI - Cop\u00e1ndaro Michoac\u00e1n\",\"isPartOf\":{\"@id\":\"https:\\\/\\\/copandaro.gob.mx\\\/#website\"},\"datePublished\":\"2023-02-27T15:58:22+00:00\",\"breadcrumb\":{\"@id\":\"https:\\\/\\\/copandaro.gob.mx\\\/index.php\\\/informacion-de-oficio-sisofi\\\/#breadcrumb\"},\"inLanguage\":\"es\",\"potentialAction\":[{\"@type\":\"ReadAction\",\"target\":[\"https:\\\/\\\/copandaro.gob.mx\\\/index.php\\\/informacion-de-oficio-sisofi\\\/\"]}]},{\"@type\":\"BreadcrumbList\",\"@id\":\"https:\\\/\\\/copandaro.gob.mx\\\/index.php\\\/informacion-de-oficio-sisofi\\\/#breadcrumb\",\"itemListElement\":[{\"@type\":\"ListItem\",\"position\":1,\"name\":\"Inicio\",\"item\":\"https:\\\/\\\/copandaro.gob.mx\\\/\"},{\"@type\":\"ListItem\",\"position\":2,\"name\":\"Informacion de Oficio-SISOFI\"}]},{\"@type\":\"WebSite\",\"@id\":\"https:\\\/\\\/copandaro.gob.mx\\\/#website\",\"url\":\"https:\\\/\\\/copandaro.gob.mx\\\/\",\"name\":\"Cop\u00e1ndaro Michoac\u00e1n\",\"description\":\"Cop\u00e1ndaro Michoac\u00e1n\",\"potentialAction\":[{\"@type\":\"SearchAction\",\"target\":{\"@type\":\"EntryPoint\",\"urlTemplate\":\"https:\\\/\\\/copandaro.gob.mx\\\/?s={search_term_string}\"},\"query-input\":{\"@type\":\"PropertyValueSpecification\",\"valueRequired\":true,\"valueName\":\"search_term_string\"}}],\"inLanguage\":\"es\"}]}<\/script>\n<!-- \/ Yoast SEO plugin. -->","yoast_head_json":{"title":"Informacion de Oficio-SISOFI - Cop\u00e1ndaro Michoac\u00e1n","robots":{"index":"index","follow":"follow","max-snippet":"max-snippet:-1","max-image-preview":"max-image-preview:large","max-video-preview":"max-video-preview:-1"},"canonical":"https:\/\/copandaro.gob.mx\/index.php\/informacion-de-oficio-sisofi\/","og_locale":"es_MX","og_type":"article","og_title":"Informacion de Oficio-SISOFI - Cop\u00e1ndaro Michoac\u00e1n","og_url":"https:\/\/copandaro.gob.mx\/index.php\/informacion-de-oficio-sisofi\/","og_site_name":"Cop\u00e1ndaro Michoac\u00e1n","twitter_card":"summary_large_image","twitter_misc":{"Tiempo de lectura":"5 minutos"},"schema":{"@context":"https:\/\/schema.org","@graph":[{"@type":"WebPage","@id":"https:\/\/copandaro.gob.mx\/index.php\/informacion-de-oficio-sisofi\/","url":"https:\/\/copandaro.gob.mx\/index.php\/informacion-de-oficio-sisofi\/","name":"Informacion de Oficio-SISOFI - Cop\u00e1ndaro Michoac\u00e1n","isPartOf":{"@id":"https:\/\/copandaro.gob.mx\/#website"},"datePublished":"2023-02-27T15:58:22+00:00","breadcrumb":{"@id":"https:\/\/copandaro.gob.mx\/index.php\/informacion-de-oficio-sisofi\/#breadcrumb"},"inLanguage":"es","potentialAction":[{"@type":"ReadAction","target":["https:\/\/copandaro.gob.mx\/index.php\/informacion-de-oficio-sisofi\/"]}]},{"@type":"BreadcrumbList","@id":"https:\/\/copandaro.gob.mx\/index.php\/informacion-de-oficio-sisofi\/#breadcrumb","itemListElement":[{"@type":"ListItem","position":1,"name":"Inicio","item":"https:\/\/copandaro.gob.mx\/"},{"@type":"ListItem","position":2,"name":"Informacion de Oficio-SISOFI"}]},{"@type":"WebSite","@id":"https:\/\/copandaro.gob.mx\/#website","url":"https:\/\/copandaro.gob.mx\/","name":"Cop\u00e1ndaro Michoac\u00e1n","description":"Cop\u00e1ndaro Michoac\u00e1n","potentialAction":[{"@type":"SearchAction","target":{"@type":"EntryPoint","urlTemplate":"https:\/\/copandaro.gob.mx\/?s={search_term_string}"},"query-input":{"@type":"PropertyValueSpecification","valueRequired":true,"valueName":"search_term_string"}}],"inLanguage":"es"}]}},"_links":{"self":[{"href":"https:\/\/copandaro.gob.mx\/index.php\/wp-json\/wp\/v2\/pages\/765","targetHints":{"allow":["GET"]}}],"collection":[{"href":"https:\/\/copandaro.gob.mx\/index.php\/wp-json\/wp\/v2\/pages"}],"about":[{"href":"https:\/\/copandaro.gob.mx\/index.php\/wp-json\/wp\/v2\/types\/page"}],"author":[{"embeddable":true,"href":"https:\/\/copandaro.gob.mx\/index.php\/wp-json\/wp\/v2\/users\/1"}],"replies":[{"embeddable":true,"href":"https:\/\/copandaro.gob.mx\/index.php\/wp-json\/wp\/v2\/comments?post=765"}],"version-history":[{"count":1,"href":"https:\/\/copandaro.gob.mx\/index.php\/wp-json\/wp\/v2\/pages\/765\/revisions"}],"predecessor-version":[{"id":766,"href":"https:\/\/copandaro.gob.mx\/index.php\/wp-json\/wp\/v2\/pages\/765\/revisions\/766"}],"wp:attachment":[{"href":"https:\/\/copandaro.gob.mx\/index.php\/wp-json\/wp\/v2\/media?parent=765"}],"curies":[{"name":"wp","href":"https:\/\/api.w.org\/{rel}","templated":true}]}}