{"id":794,"date":"2023-08-15T21:02:09","date_gmt":"2023-08-15T21:02:09","guid":{"rendered":"https:\/\/copandaro.gob.mx\/?page_id=794"},"modified":"2023-08-15T21:09:09","modified_gmt":"2023-08-15T21:09:09","slug":"segundo-informe-de-gobierno","status":"publish","type":"page","link":"https:\/\/copandaro.gob.mx\/index.php\/segundo-informe-de-gobierno\/","title":{"rendered":"&#8220;SEGUNDO INFORME DE GOBIERNO&#8221;"},"content":{"rendered":"<p><div id=\"fusion-scroll-section-1\" class=\"fusion-scroll-section fusion-scroll-section\" data-section=\"1\" data-animation=\"fade\" data-speed=\"800\" ><div class=\"fusion-scroll-section-element active\" data-section=\"1\" data-element=\"1\" style=\"transition-duration:450ms;&quot;\" ><div class=\"fusion-bg-parallax\" data-bg-align=\"center center\" data-direction=\"up\" data-mute=\"false\" data-opacity=\"100\" data-velocity=\"-0.3\" data-mobile-enabled=\"false\" data-break_parents=\"0\" data-bg-image=\"https:\/\/copandaro.gob.mx\/wp-content\/uploads\/2022\/08\/jumbotron-copandaro.jpg\" data-bg-repeat=\"false\" ><\/div><div class=\"fusion-fullwidth fullwidth-box fusion-builder-row-1 fusion-flex-container has-pattern-background has-mask-background fusion-parallax-up nonhundred-percent-fullwidth hundred-percent-height hundred-percent-height-center-content hundred-percent-height-scrolling lazyload\" style=\"--awb-border-radius-top-left:0px;--awb-border-radius-top-right:0px;--awb-border-radius-bottom-right:0px;--awb-border-radius-bottom-left:0px;--awb-background-size:cover;--awb-flex-wrap:wrap;\" data-bg=\"https:\/\/copandaro.gob.mx\/wp-content\/uploads\/2022\/08\/jumbotron-copandaro.jpg\" ><div class=\"fusion-builder-row fusion-row fusion-flex-align-items-flex-start fusion-flex-content-wrap\" style=\"max-width:104%;margin-left: calc(-4% \/ 2 );margin-right: calc(-4% \/ 2 );\"><div class=\"fusion-layout-column fusion_builder_column fusion-builder-column-0 fusion_builder_column_1_1 1_1 fusion-flex-column fusion-flex-align-self-center\" style=\"--awb-bg-size:cover;--awb-width-large:100%;--awb-margin-top-large:0px;--awb-spacing-right-large:1.92%;--awb-margin-bottom-large:20px;--awb-spacing-left-large:1.92%;--awb-width-medium:100%;--awb-order-medium:0;--awb-spacing-right-medium:1.92%;--awb-spacing-left-medium:1.92%;--awb-width-small:100%;--awb-order-small:0;--awb-spacing-right-small:1.92%;--awb-spacing-left-small:1.92%;\"><div class=\"fusion-column-wrapper fusion-column-has-shadow fusion-flex-justify-content-center fusion-content-layout-column\"><div class=\"fusion-title title fusion-title-1 fusion-title-center fusion-title-text fusion-title-size-one\" style=\"--awb-text-color:#ffffff;--awb-margin-top-small:0px;--awb-margin-right-small:0px;--awb-margin-bottom-small:20px;--awb-margin-left-small:0px;\"><div class=\"title-sep-container title-sep-container-left\"><div class=\"title-sep sep- sep-solid\" style=\"border-color:#e0dede;\"><\/div><\/div><span class=\"awb-title-spacer\"><\/span><h1 class=\"fusion-title-heading title-heading-center fusion-responsive-typography-calculated\" style=\"margin:0;--fontSize:72;line-height:1.28;text-shadow:0px;\">&#8220;CON HONESTIDAD Y TRABAJO RECONSTRUIMOS NUESTRO MUNICIPIO&#8221;<\/h1><span class=\"awb-title-spacer\"><\/span><div class=\"title-sep-container title-sep-container-right\"><div class=\"title-sep sep- sep-solid\" style=\"border-color:#e0dede;\"><\/div><\/div><\/div><\/div><\/div><\/div><\/div><\/div><nav id=\"fusion-scroll-section-nav-1\" class=\"fusion-scroll-section-nav scroll-navigation-right\" data-section=\"1\" ><ul><li><a href=\"#fusion-scroll-section-element-1-1\" class=\"fusion-scroll-section-link\" data-name=\"\" data-element=\"1\"><span class=\"fusion-scroll-section-link-bullet\"><\/span><\/a><\/li><\/ul><\/nav><\/div><div class=\"fusion-fullwidth fullwidth-box fusion-builder-row-2 fusion-flex-container has-pattern-background has-mask-background nonhundred-percent-fullwidth non-hundred-percent-height-scrolling\" style=\"--awb-border-radius-top-left:0px;--awb-border-radius-top-right:0px;--awb-border-radius-bottom-right:0px;--awb-border-radius-bottom-left:0px;--awb-flex-wrap:wrap;\" ><div class=\"fusion-builder-row fusion-row fusion-flex-align-items-flex-start fusion-flex-content-wrap\" style=\"max-width:104%;margin-left: calc(-4% \/ 2 );margin-right: calc(-4% \/ 2 );\"><div class=\"fusion-layout-column fusion_builder_column fusion-builder-column-1 fusion_builder_column_1_2 1_2 fusion-flex-column\" style=\"--awb-bg-size:cover;--awb-width-large:50%;--awb-margin-top-large:0px;--awb-spacing-right-large:3.84%;--awb-margin-bottom-large:20px;--awb-spacing-left-large:3.84%;--awb-width-medium:100%;--awb-order-medium:0;--awb-spacing-right-medium:1.92%;--awb-spacing-left-medium:1.92%;--awb-width-small:100%;--awb-order-small:0;--awb-spacing-right-small:1.92%;--awb-spacing-left-small:1.92%;\"><div class=\"fusion-column-wrapper fusion-column-has-shadow fusion-flex-justify-content-flex-start fusion-content-layout-column\"><div style=\"text-align:center;\"><a class=\"fusion-button button-3d fusion-button-default-size button-custom fusion-button-default button-1 fusion-button-default-span \" style=\"--button_accent_color:#ffffff;--button_accent_hover_color:#ffffff;--button_border_hover_color:#ffffff;--button_gradient_top_color:#ff0000;--button_gradient_bottom_color:#ff0000;--button_gradient_top_color_hover:#ff0000;--button_gradient_bottom_color_hover:#ff0000;\" target=\"_self\" href=\"https:\/\/drive.google.com\/file\/d\/1qU5fkSJSHkTbWbpry9I2Rl5s_B6Y3X3V\/view?usp=sharing\"><span class=\"fusion-button-text awb-button__text awb-button__text--default\">Segundo Informe de Gobierno<\/span><\/a><\/div><div class=\"fusion-separator fusion-full-width-sep\" style=\"align-self: center;margin-left: auto;margin-right: auto;margin-top:10px;margin-bottom:10px;width:100%;\"><\/div><div class=\"fusion-image-element \" style=\"--awb-caption-title-font-family:var(--h2_typography-font-family);--awb-caption-title-font-weight:var(--h2_typography-font-weight);--awb-caption-title-font-style:var(--h2_typography-font-style);--awb-caption-title-size:var(--h2_typography-font-size);--awb-caption-title-transform:var(--h2_typography-text-transform);--awb-caption-title-line-height:var(--h2_typography-line-height);--awb-caption-title-letter-spacing:var(--h2_typography-letter-spacing);\"><span class=\" fusion-imageframe imageframe-none imageframe-1 hover-type-none\"><img decoding=\"async\" width=\"608\" height=\"542\" title=\"Captura desde 2023-08-15 15-04-44\" src=\"https:\/\/copandaro.gob.mx\/wp-content\/uploads\/2023\/08\/Captura-desde-2023-08-15-15-04-44.png\" data-orig-src=\"https:\/\/copandaro.gob.mx\/wp-content\/uploads\/2023\/08\/Captura-desde-2023-08-15-15-04-44.png\" alt class=\"lazyload img-responsive wp-image-800\" srcset=\"data:image\/svg+xml,%3Csvg%20xmlns%3D%27http%3A%2F%2Fwww.w3.org%2F2000%2Fsvg%27%20width%3D%27608%27%20height%3D%27542%27%20viewBox%3D%270%200%20608%20542%27%3E%3Crect%20width%3D%27608%27%20height%3D%27542%27%20fill-opacity%3D%220%22%2F%3E%3C%2Fsvg%3E\" data-srcset=\"https:\/\/copandaro.gob.mx\/wp-content\/uploads\/2023\/08\/Captura-desde-2023-08-15-15-04-44-200x178.png 200w, https:\/\/copandaro.gob.mx\/wp-content\/uploads\/2023\/08\/Captura-desde-2023-08-15-15-04-44-400x357.png 400w, https:\/\/copandaro.gob.mx\/wp-content\/uploads\/2023\/08\/Captura-desde-2023-08-15-15-04-44-600x535.png 600w, https:\/\/copandaro.gob.mx\/wp-content\/uploads\/2023\/08\/Captura-desde-2023-08-15-15-04-44.png 608w\" data-sizes=\"auto\" data-orig-sizes=\"(max-width: 1024px) 100vw, (max-width: 640px) 100vw, 608px\" \/><\/span><\/div><\/div><\/div><div class=\"fusion-layout-column fusion_builder_column fusion-builder-column-2 fusion_builder_column_1_2 1_2 fusion-flex-column\" style=\"--awb-bg-size:cover;--awb-width-large:50%;--awb-margin-top-large:0px;--awb-spacing-right-large:3.84%;--awb-margin-bottom-large:20px;--awb-spacing-left-large:3.84%;--awb-width-medium:100%;--awb-order-medium:0;--awb-spacing-right-medium:1.92%;--awb-spacing-left-medium:1.92%;--awb-width-small:100%;--awb-order-small:0;--awb-spacing-right-small:1.92%;--awb-spacing-left-small:1.92%;\"><div class=\"fusion-column-wrapper fusion-column-has-shadow fusion-flex-justify-content-flex-start fusion-content-layout-column\"><div class=\"fusion-image-element \" style=\"--awb-caption-title-font-family:var(--h2_typography-font-family);--awb-caption-title-font-weight:var(--h2_typography-font-weight);--awb-caption-title-font-style:var(--h2_typography-font-style);--awb-caption-title-size:var(--h2_typography-font-size);--awb-caption-title-transform:var(--h2_typography-text-transform);--awb-caption-title-line-height:var(--h2_typography-line-height);--awb-caption-title-letter-spacing:var(--h2_typography-letter-spacing);\"><span class=\" fusion-imageframe imageframe-none imageframe-2 hover-type-none\"><img decoding=\"async\" width=\"2560\" height=\"2560\" title=\"Pop up Informe (1)\" src=\"https:\/\/copandaro.gob.mx\/wp-content\/uploads\/2023\/07\/Pop-up-Informe-1-scaled.jpg\" data-orig-src=\"https:\/\/copandaro.gob.mx\/wp-content\/uploads\/2023\/07\/Pop-up-Informe-1-scaled.jpg\" alt class=\"lazyload img-responsive wp-image-789\" srcset=\"data:image\/svg+xml,%3Csvg%20xmlns%3D%27http%3A%2F%2Fwww.w3.org%2F2000%2Fsvg%27%20width%3D%272560%27%20height%3D%272560%27%20viewBox%3D%270%200%202560%202560%27%3E%3Crect%20width%3D%272560%27%20height%3D%272560%27%20fill-opacity%3D%220%22%2F%3E%3C%2Fsvg%3E\" data-srcset=\"https:\/\/copandaro.gob.mx\/wp-content\/uploads\/2023\/07\/Pop-up-Informe-1-200x200.jpg 200w, https:\/\/copandaro.gob.mx\/wp-content\/uploads\/2023\/07\/Pop-up-Informe-1-400x400.jpg 400w, https:\/\/copandaro.gob.mx\/wp-content\/uploads\/2023\/07\/Pop-up-Informe-1-600x600.jpg 600w, https:\/\/copandaro.gob.mx\/wp-content\/uploads\/2023\/07\/Pop-up-Informe-1-800x800.jpg 800w, https:\/\/copandaro.gob.mx\/wp-content\/uploads\/2023\/07\/Pop-up-Informe-1-1200x1200.jpg 1200w, https:\/\/copandaro.gob.mx\/wp-content\/uploads\/2023\/07\/Pop-up-Informe-1-scaled.jpg 2560w\" data-sizes=\"auto\" data-orig-sizes=\"(max-width: 1024px) 100vw, (max-width: 640px) 100vw, 1200px\" \/><\/span><\/div><\/div><\/div><\/div><\/div><div class=\"fusion-fullwidth fullwidth-box fusion-builder-row-3 fusion-flex-container has-pattern-background has-mask-background nonhundred-percent-fullwidth non-hundred-percent-height-scrolling\" style=\"--awb-border-radius-top-left:0px;--awb-border-radius-top-right:0px;--awb-border-radius-bottom-right:0px;--awb-border-radius-bottom-left:0px;--awb-flex-wrap:wrap;\" ><div class=\"fusion-builder-row fusion-row fusion-flex-align-items-flex-start fusion-flex-content-wrap\" style=\"max-width:104%;margin-left: calc(-4% \/ 2 );margin-right: calc(-4% \/ 2 );\"><div class=\"fusion-layout-column fusion_builder_column fusion-builder-column-3 fusion_builder_column_1_2 1_2 fusion-flex-column\" style=\"--awb-bg-size:cover;--awb-width-large:50%;--awb-margin-top-large:0px;--awb-spacing-right-large:3.84%;--awb-margin-bottom-large:20px;--awb-spacing-left-large:3.84%;--awb-width-medium:100%;--awb-order-medium:0;--awb-spacing-right-medium:1.92%;--awb-spacing-left-medium:1.92%;--awb-width-small:100%;--awb-order-small:0;--awb-spacing-right-small:1.92%;--awb-spacing-left-small:1.92%;\"><div class=\"fusion-column-wrapper fusion-column-has-shadow fusion-flex-justify-content-flex-start fusion-content-layout-column\"><div class=\"fusion-image-element \" style=\"--awb-caption-title-font-family:var(--h2_typography-font-family);--awb-caption-title-font-weight:var(--h2_typography-font-weight);--awb-caption-title-font-style:var(--h2_typography-font-style);--awb-caption-title-size:var(--h2_typography-font-size);--awb-caption-title-transform:var(--h2_typography-text-transform);--awb-caption-title-line-height:var(--h2_typography-line-height);--awb-caption-title-letter-spacing:var(--h2_typography-letter-spacing);\"><span class=\" fusion-imageframe imageframe-none imageframe-3 hover-type-none\"><img decoding=\"async\" width=\"808\" height=\"578\" title=\"Captura desde 2023-08-15 14-57-03\" src=\"https:\/\/copandaro.gob.mx\/wp-content\/uploads\/2023\/08\/Captura-desde-2023-08-15-14-57-03.png\" data-orig-src=\"https:\/\/copandaro.gob.mx\/wp-content\/uploads\/2023\/08\/Captura-desde-2023-08-15-14-57-03.png\" alt class=\"lazyload img-responsive wp-image-795\" srcset=\"data:image\/svg+xml,%3Csvg%20xmlns%3D%27http%3A%2F%2Fwww.w3.org%2F2000%2Fsvg%27%20width%3D%27808%27%20height%3D%27578%27%20viewBox%3D%270%200%20808%20578%27%3E%3Crect%20width%3D%27808%27%20height%3D%27578%27%20fill-opacity%3D%220%22%2F%3E%3C%2Fsvg%3E\" data-srcset=\"https:\/\/copandaro.gob.mx\/wp-content\/uploads\/2023\/08\/Captura-desde-2023-08-15-14-57-03-200x143.png 200w, https:\/\/copandaro.gob.mx\/wp-content\/uploads\/2023\/08\/Captura-desde-2023-08-15-14-57-03-400x286.png 400w, https:\/\/copandaro.gob.mx\/wp-content\/uploads\/2023\/08\/Captura-desde-2023-08-15-14-57-03-600x429.png 600w, https:\/\/copandaro.gob.mx\/wp-content\/uploads\/2023\/08\/Captura-desde-2023-08-15-14-57-03-800x572.png 800w, https:\/\/copandaro.gob.mx\/wp-content\/uploads\/2023\/08\/Captura-desde-2023-08-15-14-57-03.png 808w\" data-sizes=\"auto\" data-orig-sizes=\"(max-width: 1024px) 100vw, (max-width: 640px) 100vw, 808px\" \/><\/span><\/div><div class=\"fusion-separator fusion-full-width-sep\" style=\"align-self: center;margin-left: auto;margin-right: auto;margin-top:10px;margin-bottom:10px;width:100%;\"><\/div><div class=\"fusion-image-element \" style=\"--awb-caption-title-font-family:var(--h2_typography-font-family);--awb-caption-title-font-weight:var(--h2_typography-font-weight);--awb-caption-title-font-style:var(--h2_typography-font-style);--awb-caption-title-size:var(--h2_typography-font-size);--awb-caption-title-transform:var(--h2_typography-text-transform);--awb-caption-title-line-height:var(--h2_typography-line-height);--awb-caption-title-letter-spacing:var(--h2_typography-letter-spacing);\"><span class=\" fusion-imageframe imageframe-none imageframe-4 hover-type-none\"><img decoding=\"async\" width=\"815\" height=\"457\" title=\"Captura desde 2023-08-15 14-56-48\" src=\"https:\/\/copandaro.gob.mx\/wp-content\/uploads\/2023\/08\/Captura-desde-2023-08-15-14-56-48.png\" data-orig-src=\"https:\/\/copandaro.gob.mx\/wp-content\/uploads\/2023\/08\/Captura-desde-2023-08-15-14-56-48.png\" alt class=\"lazyload img-responsive wp-image-796\" srcset=\"data:image\/svg+xml,%3Csvg%20xmlns%3D%27http%3A%2F%2Fwww.w3.org%2F2000%2Fsvg%27%20width%3D%27815%27%20height%3D%27457%27%20viewBox%3D%270%200%20815%20457%27%3E%3Crect%20width%3D%27815%27%20height%3D%27457%27%20fill-opacity%3D%220%22%2F%3E%3C%2Fsvg%3E\" data-srcset=\"https:\/\/copandaro.gob.mx\/wp-content\/uploads\/2023\/08\/Captura-desde-2023-08-15-14-56-48-200x112.png 200w, https:\/\/copandaro.gob.mx\/wp-content\/uploads\/2023\/08\/Captura-desde-2023-08-15-14-56-48-400x224.png 400w, https:\/\/copandaro.gob.mx\/wp-content\/uploads\/2023\/08\/Captura-desde-2023-08-15-14-56-48-600x336.png 600w, https:\/\/copandaro.gob.mx\/wp-content\/uploads\/2023\/08\/Captura-desde-2023-08-15-14-56-48-800x449.png 800w, https:\/\/copandaro.gob.mx\/wp-content\/uploads\/2023\/08\/Captura-desde-2023-08-15-14-56-48.png 815w\" data-sizes=\"auto\" data-orig-sizes=\"(max-width: 1024px) 100vw, (max-width: 640px) 100vw, 815px\" \/><\/span><\/div><\/div><\/div><div class=\"fusion-layout-column fusion_builder_column fusion-builder-column-4 fusion_builder_column_1_2 1_2 fusion-flex-column\" style=\"--awb-bg-size:cover;--awb-width-large:50%;--awb-margin-top-large:0px;--awb-spacing-right-large:3.84%;--awb-margin-bottom-large:20px;--awb-spacing-left-large:3.84%;--awb-width-medium:100%;--awb-order-medium:0;--awb-spacing-right-medium:1.92%;--awb-spacing-left-medium:1.92%;--awb-width-small:100%;--awb-order-small:0;--awb-spacing-right-small:1.92%;--awb-spacing-left-small:1.92%;\"><div class=\"fusion-column-wrapper fusion-column-has-shadow fusion-flex-justify-content-flex-start fusion-content-layout-column\"><div class=\"fusion-image-element \" style=\"--awb-caption-title-font-family:var(--h2_typography-font-family);--awb-caption-title-font-weight:var(--h2_typography-font-weight);--awb-caption-title-font-style:var(--h2_typography-font-style);--awb-caption-title-size:var(--h2_typography-font-size);--awb-caption-title-transform:var(--h2_typography-text-transform);--awb-caption-title-line-height:var(--h2_typography-line-height);--awb-caption-title-letter-spacing:var(--h2_typography-letter-spacing);\"><span class=\" fusion-imageframe imageframe-none imageframe-5 hover-type-none\"><img decoding=\"async\" src=\"data:image\/gif;base64,R0lGODlhAQABAAAAACH5BAEKAAEALAAAAAABAAEAAAICTAEAOw==\" data-orig-src=\"https:\/\/copandaro.gob.mx\/wp-content\/uploads\/2023\/08\/Captura-desde-2023-08-15-15-00-34.png\" alt class=\"lazyload img-responsive\"\/><\/span><\/div><div class=\"fusion-separator fusion-full-width-sep\" style=\"align-self: center;margin-left: auto;margin-right: auto;margin-top:50px;margin-bottom:90px;width:100%;\"><\/div><div class=\"fusion-image-element \" style=\"--awb-caption-title-font-family:var(--h2_typography-font-family);--awb-caption-title-font-weight:var(--h2_typography-font-weight);--awb-caption-title-font-style:var(--h2_typography-font-style);--awb-caption-title-size:var(--h2_typography-font-size);--awb-caption-title-transform:var(--h2_typography-text-transform);--awb-caption-title-line-height:var(--h2_typography-line-height);--awb-caption-title-letter-spacing:var(--h2_typography-letter-spacing);\"><span class=\" fusion-imageframe imageframe-none imageframe-6 hover-type-none\"><img decoding=\"async\" width=\"601\" height=\"400\" title=\"Captura desde 2023-08-15 15-01-50\" src=\"https:\/\/copandaro.gob.mx\/wp-content\/uploads\/2023\/08\/Captura-desde-2023-08-15-15-01-50.png\" data-orig-src=\"https:\/\/copandaro.gob.mx\/wp-content\/uploads\/2023\/08\/Captura-desde-2023-08-15-15-01-50.png\" alt class=\"lazyload img-responsive wp-image-798\" srcset=\"data:image\/svg+xml,%3Csvg%20xmlns%3D%27http%3A%2F%2Fwww.w3.org%2F2000%2Fsvg%27%20width%3D%27601%27%20height%3D%27400%27%20viewBox%3D%270%200%20601%20400%27%3E%3Crect%20width%3D%27601%27%20height%3D%27400%27%20fill-opacity%3D%220%22%2F%3E%3C%2Fsvg%3E\" data-srcset=\"https:\/\/copandaro.gob.mx\/wp-content\/uploads\/2023\/08\/Captura-desde-2023-08-15-15-01-50-200x133.png 200w, https:\/\/copandaro.gob.mx\/wp-content\/uploads\/2023\/08\/Captura-desde-2023-08-15-15-01-50-400x266.png 400w, https:\/\/copandaro.gob.mx\/wp-content\/uploads\/2023\/08\/Captura-desde-2023-08-15-15-01-50.png 601w\" data-sizes=\"auto\" data-orig-sizes=\"(max-width: 1024px) 100vw, (max-width: 640px) 100vw, 601px\" \/><\/span><\/div><\/div><\/div><\/div><\/div><\/p>\n","protected":false},"excerpt":{"rendered":"","protected":false},"author":1,"featured_media":0,"parent":0,"menu_order":0,"comment_status":"closed","ping_status":"closed","template":"","meta":{"footnotes":""},"class_list":["post-794","page","type-page","status-publish","hentry"],"yoast_head":"<!-- This site is optimized with the Yoast SEO plugin v27.3 - https:\/\/yoast.com\/product\/yoast-seo-wordpress\/ -->\n<title>&quot;SEGUNDO INFORME DE GOBIERNO&quot; - Cop\u00e1ndaro Michoac\u00e1n<\/title>\n<meta name=\"robots\" content=\"index, follow, max-snippet:-1, max-image-preview:large, max-video-preview:-1\" \/>\n<link rel=\"canonical\" href=\"https:\/\/copandaro.gob.mx\/index.php\/segundo-informe-de-gobierno\/\" \/>\n<meta property=\"og:locale\" content=\"es_MX\" \/>\n<meta property=\"og:type\" content=\"article\" \/>\n<meta property=\"og:title\" content=\"&quot;SEGUNDO INFORME DE GOBIERNO&quot; - Cop\u00e1ndaro Michoac\u00e1n\" \/>\n<meta property=\"og:url\" content=\"https:\/\/copandaro.gob.mx\/index.php\/segundo-informe-de-gobierno\/\" \/>\n<meta property=\"og:site_name\" content=\"Cop\u00e1ndaro Michoac\u00e1n\" \/>\n<meta property=\"article:modified_time\" content=\"2023-08-15T21:09:09+00:00\" \/>\n<meta name=\"twitter:card\" content=\"summary_large_image\" \/>\n<meta name=\"twitter:label1\" content=\"Tiempo de lectura\" \/>\n\t<meta name=\"twitter:data1\" content=\"25 minutos\" \/>\n<script type=\"application\/ld+json\" class=\"yoast-schema-graph\">{\"@context\":\"https:\\\/\\\/schema.org\",\"@graph\":[{\"@type\":\"WebPage\",\"@id\":\"https:\\\/\\\/copandaro.gob.mx\\\/index.php\\\/segundo-informe-de-gobierno\\\/\",\"url\":\"https:\\\/\\\/copandaro.gob.mx\\\/index.php\\\/segundo-informe-de-gobierno\\\/\",\"name\":\"\\\"SEGUNDO INFORME DE GOBIERNO\\\" - Cop\u00e1ndaro Michoac\u00e1n\",\"isPartOf\":{\"@id\":\"https:\\\/\\\/copandaro.gob.mx\\\/#website\"},\"datePublished\":\"2023-08-15T21:02:09+00:00\",\"dateModified\":\"2023-08-15T21:09:09+00:00\",\"breadcrumb\":{\"@id\":\"https:\\\/\\\/copandaro.gob.mx\\\/index.php\\\/segundo-informe-de-gobierno\\\/#breadcrumb\"},\"inLanguage\":\"es\",\"potentialAction\":[{\"@type\":\"ReadAction\",\"target\":[\"https:\\\/\\\/copandaro.gob.mx\\\/index.php\\\/segundo-informe-de-gobierno\\\/\"]}]},{\"@type\":\"BreadcrumbList\",\"@id\":\"https:\\\/\\\/copandaro.gob.mx\\\/index.php\\\/segundo-informe-de-gobierno\\\/#breadcrumb\",\"itemListElement\":[{\"@type\":\"ListItem\",\"position\":1,\"name\":\"Inicio\",\"item\":\"https:\\\/\\\/copandaro.gob.mx\\\/\"},{\"@type\":\"ListItem\",\"position\":2,\"name\":\"&#8220;SEGUNDO INFORME DE GOBIERNO&#8221;\"}]},{\"@type\":\"WebSite\",\"@id\":\"https:\\\/\\\/copandaro.gob.mx\\\/#website\",\"url\":\"https:\\\/\\\/copandaro.gob.mx\\\/\",\"name\":\"Cop\u00e1ndaro Michoac\u00e1n\",\"description\":\"Cop\u00e1ndaro Michoac\u00e1n\",\"potentialAction\":[{\"@type\":\"SearchAction\",\"target\":{\"@type\":\"EntryPoint\",\"urlTemplate\":\"https:\\\/\\\/copandaro.gob.mx\\\/?s={search_term_string}\"},\"query-input\":{\"@type\":\"PropertyValueSpecification\",\"valueRequired\":true,\"valueName\":\"search_term_string\"}}],\"inLanguage\":\"es\"}]}<\/script>\n<!-- \/ Yoast SEO plugin. -->","yoast_head_json":{"title":"\"SEGUNDO INFORME DE GOBIERNO\" - Cop\u00e1ndaro Michoac\u00e1n","robots":{"index":"index","follow":"follow","max-snippet":"max-snippet:-1","max-image-preview":"max-image-preview:large","max-video-preview":"max-video-preview:-1"},"canonical":"https:\/\/copandaro.gob.mx\/index.php\/segundo-informe-de-gobierno\/","og_locale":"es_MX","og_type":"article","og_title":"\"SEGUNDO INFORME DE GOBIERNO\" - Cop\u00e1ndaro Michoac\u00e1n","og_url":"https:\/\/copandaro.gob.mx\/index.php\/segundo-informe-de-gobierno\/","og_site_name":"Cop\u00e1ndaro Michoac\u00e1n","article_modified_time":"2023-08-15T21:09:09+00:00","twitter_card":"summary_large_image","twitter_misc":{"Tiempo de lectura":"25 minutos"},"schema":{"@context":"https:\/\/schema.org","@graph":[{"@type":"WebPage","@id":"https:\/\/copandaro.gob.mx\/index.php\/segundo-informe-de-gobierno\/","url":"https:\/\/copandaro.gob.mx\/index.php\/segundo-informe-de-gobierno\/","name":"\"SEGUNDO INFORME DE GOBIERNO\" - Cop\u00e1ndaro Michoac\u00e1n","isPartOf":{"@id":"https:\/\/copandaro.gob.mx\/#website"},"datePublished":"2023-08-15T21:02:09+00:00","dateModified":"2023-08-15T21:09:09+00:00","breadcrumb":{"@id":"https:\/\/copandaro.gob.mx\/index.php\/segundo-informe-de-gobierno\/#breadcrumb"},"inLanguage":"es","potentialAction":[{"@type":"ReadAction","target":["https:\/\/copandaro.gob.mx\/index.php\/segundo-informe-de-gobierno\/"]}]},{"@type":"BreadcrumbList","@id":"https:\/\/copandaro.gob.mx\/index.php\/segundo-informe-de-gobierno\/#breadcrumb","itemListElement":[{"@type":"ListItem","position":1,"name":"Inicio","item":"https:\/\/copandaro.gob.mx\/"},{"@type":"ListItem","position":2,"name":"&#8220;SEGUNDO INFORME DE GOBIERNO&#8221;"}]},{"@type":"WebSite","@id":"https:\/\/copandaro.gob.mx\/#website","url":"https:\/\/copandaro.gob.mx\/","name":"Cop\u00e1ndaro Michoac\u00e1n","description":"Cop\u00e1ndaro Michoac\u00e1n","potentialAction":[{"@type":"SearchAction","target":{"@type":"EntryPoint","urlTemplate":"https:\/\/copandaro.gob.mx\/?s={search_term_string}"},"query-input":{"@type":"PropertyValueSpecification","valueRequired":true,"valueName":"search_term_string"}}],"inLanguage":"es"}]}},"_links":{"self":[{"href":"https:\/\/copandaro.gob.mx\/index.php\/wp-json\/wp\/v2\/pages\/794","targetHints":{"allow":["GET"]}}],"collection":[{"href":"https:\/\/copandaro.gob.mx\/index.php\/wp-json\/wp\/v2\/pages"}],"about":[{"href":"https:\/\/copandaro.gob.mx\/index.php\/wp-json\/wp\/v2\/types\/page"}],"author":[{"embeddable":true,"href":"https:\/\/copandaro.gob.mx\/index.php\/wp-json\/wp\/v2\/users\/1"}],"replies":[{"embeddable":true,"href":"https:\/\/copandaro.gob.mx\/index.php\/wp-json\/wp\/v2\/comments?post=794"}],"version-history":[{"count":5,"href":"https:\/\/copandaro.gob.mx\/index.php\/wp-json\/wp\/v2\/pages\/794\/revisions"}],"predecessor-version":[{"id":805,"href":"https:\/\/copandaro.gob.mx\/index.php\/wp-json\/wp\/v2\/pages\/794\/revisions\/805"}],"wp:attachment":[{"href":"https:\/\/copandaro.gob.mx\/index.php\/wp-json\/wp\/v2\/media?parent=794"}],"curies":[{"name":"wp","href":"https:\/\/api.w.org\/{rel}","templated":true}]}}